{"id":471,"date":"2014-03-07T15:21:55","date_gmt":"2014-03-07T14:21:55","guid":{"rendered":"http:\/\/www.stoibrecher.de\/portal\/?page_id=471"},"modified":"2014-03-07T15:53:26","modified_gmt":"2014-03-07T14:53:26","slug":"ich-moechte-brecher-werden","status":"publish","type":"page","link":"https:\/\/www.stoibrecher.de\/portal\/ich-moechte-brecher-werden\/","title":{"rendered":"Ich m\u00f6chte Brecher werden"},"content":{"rendered":"<p><strong>Ich m\u00f6chte auch so ein sch\u00f6nes H\u00e4s und bei Euch Mitglied werden.<\/strong><br \/>\n&#8222;Dann f\u00fcll mal sch\u00f6n das Formular aus&#8220;<\/p>\n<p>Einmal im Jahr entscheidet das F\u00fchrungs-Team der Hornauer Stoibrecher \u00fcber die Anzahl der Neu Stoibrecher.<br \/>\nDie Antr\u00e4ge sollten also bis zum Sommer uns vorliegen&#8230;.Schneller und einfacher hier \u00fcber das Formular !!<\/p>\n<p><span style=\"font-size: x-small;\">(* Pflichtfelder)<\/span><\/p>\n\n<div class=\"wpcf7 no-js\" id=\"wpcf7-f470-o1\" lang=\"de-DE\" dir=\"ltr\">\n<div class=\"screen-reader-response\"><p role=\"status\" aria-live=\"polite\" aria-atomic=\"true\"><\/p> <ul><\/ul><\/div>\n<form action=\"\/portal\/wp-json\/wp\/v2\/pages\/471#wpcf7-f470-o1\" method=\"post\" class=\"wpcf7-form init\" aria-label=\"Kontaktformular\" enctype=\"multipart\/form-data\" novalidate=\"novalidate\" data-status=\"init\">\n<div style=\"display: none;\">\n<input type=\"hidden\" name=\"_wpcf7\" value=\"470\" \/>\n<input type=\"hidden\" name=\"_wpcf7_version\" value=\"5.9.6\" \/>\n<input type=\"hidden\" name=\"_wpcf7_locale\" value=\"de_DE\" \/>\n<input type=\"hidden\" name=\"_wpcf7_unit_tag\" value=\"wpcf7-f470-o1\" \/>\n<input type=\"hidden\" name=\"_wpcf7_container_post\" value=\"0\" \/>\n<input type=\"hidden\" name=\"_wpcf7_posted_data_hash\" value=\"\" \/>\n<input type=\"hidden\" name=\"_wpcf7_recaptcha_response\" value=\"\" \/>\n<\/div>\n<p>Nachname *\n<\/p>\n<p><span class=\"wpcf7-form-control-wrap\" data-name=\"your-name\"><input size=\"40\" maxlength=\"80\" class=\"wpcf7-form-control wpcf7-text wpcf7-validates-as-required\" aria-required=\"true\" aria-invalid=\"false\" value=\"\" type=\"text\" name=\"your-name\" \/><\/span>\n<\/p>\n<p>Vorname *\n<\/p>\n<p><span class=\"wpcf7-form-control-wrap\" data-name=\"vorname\"><input size=\"40\" maxlength=\"80\" class=\"wpcf7-form-control wpcf7-text wpcf7-validates-as-required\" aria-required=\"true\" aria-invalid=\"false\" value=\"\" type=\"text\" name=\"vorname\" \/><\/span>\n<\/p>\n<p>Geb.Datum *\n<\/p>\n<p><span class=\"wpcf7-form-control-wrap\" data-name=\"gebdate\"><input class=\"wpcf7-form-control wpcf7-date wpcf7-validates-as-required wpcf7-validates-as-date\" aria-required=\"true\" aria-invalid=\"false\" value=\"\" type=\"date\" name=\"gebdate\" \/><\/span>\n<\/p>\n<p>Telefonnummer *\n<\/p>\n<p><span class=\"wpcf7-form-control-wrap\" data-name=\"telefon\"><input size=\"40\" maxlength=\"80\" class=\"wpcf7-form-control wpcf7-text wpcf7-validates-as-required\" aria-required=\"true\" aria-invalid=\"false\" value=\"\" type=\"text\" name=\"telefon\" \/><\/span>\n<\/p>\n<p>E-Mail-Adresse *\n<\/p>\n<p><span class=\"wpcf7-form-control-wrap\" data-name=\"your-email\"><input size=\"40\" maxlength=\"80\" class=\"wpcf7-form-control wpcf7-email wpcf7-validates-as-required wpcf7-text wpcf7-validates-as-email\" aria-required=\"true\" aria-invalid=\"false\" value=\"\" type=\"email\" name=\"your-email\" \/><\/span>\n<\/p>\n<p>Strasse *\n<\/p>\n<p><span class=\"wpcf7-form-control-wrap\" data-name=\"strasse\"><input size=\"40\" maxlength=\"80\" class=\"wpcf7-form-control wpcf7-text wpcf7-validates-as-required\" aria-required=\"true\" aria-invalid=\"false\" value=\"\" type=\"text\" name=\"strasse\" \/><\/span>\n<\/p>\n<p>PLZ *\n<\/p>\n<p><span class=\"wpcf7-form-control-wrap\" data-name=\"plz\"><input size=\"40\" maxlength=\"80\" class=\"wpcf7-form-control wpcf7-text wpcf7-validates-as-required\" aria-required=\"true\" aria-invalid=\"false\" value=\"\" type=\"text\" name=\"plz\" \/><\/span>\n<\/p>\n<p>Ort *\n<\/p>\n<p><span class=\"wpcf7-form-control-wrap\" data-name=\"ort\"><input size=\"40\" maxlength=\"80\" class=\"wpcf7-form-control wpcf7-text wpcf7-validates-as-required\" aria-required=\"true\" aria-invalid=\"false\" value=\"\" type=\"text\" name=\"ort\" \/><\/span>\n<\/p>\n<hr \/>\n<p>Ich m\u00f6chte Stoibrecher werden *\n<\/p>\n<p><span class=\"wpcf7-form-control-wrap\" data-name=\"brecher_werden\"><span class=\"wpcf7-form-control wpcf7-checkbox wpcf7-validates-as-required\"><span class=\"wpcf7-list-item first\"><input type=\"checkbox\" name=\"brecher_werden[]\" value=\"JA\" \/><span class=\"wpcf7-list-item-label\">JA<\/span><\/span><span class=\"wpcf7-list-item last\"><input type=\"checkbox\" name=\"brecher_werden[]\" value=\"NEIN\" \/><span class=\"wpcf7-list-item-label\">NEIN<\/span><\/span><\/span><\/span>\n<\/p>\n<p>Ich bin \u00fcber 16 Jahre *\n<\/p>\n<p><span class=\"wpcf7-form-control-wrap\" data-name=\"brecher_alter\"><span class=\"wpcf7-form-control wpcf7-checkbox wpcf7-validates-as-required\"><span class=\"wpcf7-list-item first\"><input type=\"checkbox\" name=\"brecher_alter[]\" value=\"JA\" \/><span class=\"wpcf7-list-item-label\">JA<\/span><\/span><span class=\"wpcf7-list-item last\"><input type=\"checkbox\" name=\"brecher_alter[]\" value=\"NEIN\" \/><span class=\"wpcf7-list-item-label\">NEIN<\/span><\/span><\/span><\/span>\n<\/p>\n<hr \/>\n<p>Wieso m\u00f6chtest du Stoibrecher werden ? *\n<\/p>\n<p><span class=\"wpcf7-form-control-wrap\" data-name=\"brecher_wieso\"><textarea cols=\"40\" rows=\"10\" maxlength=\"255\" class=\"wpcf7-form-control wpcf7-textarea wpcf7-validates-as-required\" aria-required=\"true\" aria-invalid=\"false\" name=\"brecher_wieso\"><\/textarea><\/span>\n<\/p>\n<hr \/>\n<p>Wen kennst du von den Stoibrechern ? *\n<\/p>\n<p><span class=\"wpcf7-form-control-wrap\" data-name=\"brecher_wen_kennst_du\"><textarea cols=\"40\" rows=\"10\" maxlength=\"255\" class=\"wpcf7-form-control wpcf7-textarea wpcf7-validates-as-required\" aria-required=\"true\" aria-invalid=\"false\" name=\"brecher_wen_kennst_du\"><\/textarea><\/span>\n<\/p>\n<hr \/>\n<p>Wir h\u00e4tten gern ein Bild von Dir *\n<\/p>\n<p><span class=\"wpcf7-form-control-wrap\" data-name=\"das_bin_ich\"><input size=\"40\" class=\"wpcf7-form-control wpcf7-file wpcf7-validates-as-required\" accept=\"audio\/*,video\/*,image\/*\" aria-required=\"true\" aria-invalid=\"false\" type=\"file\" name=\"das_bin_ich\" \/><\/span>\n<\/p>\n<hr \/>\n<p><input class=\"wpcf7-form-control wpcf7-submit has-spinner\" type=\"submit\" value=\"Senden\" \/>\n<\/p>\n<p><b>Datenspeicherung Zustimmung nach DSGVO:<\/b>\n<\/p>\n<p><span class=\"wpcf7-form-control-wrap\" data-name=\"DSGVO\"><span class=\"wpcf7-form-control wpcf7-checkbox wpcf7-validates-as-required\"><span class=\"wpcf7-list-item first last\"><input type=\"checkbox\" name=\"DSGVO[]\" value=\"JA\" \/><span class=\"wpcf7-list-item-label\">JA<\/span><\/span><\/span><\/span>, ich bin damit einverstanden, dass meine Daten gespeichert werden. *\n<\/p>\n<p>Die <a href=\"https:\/\/www.stoibrecher.de\/portal\/datenschutzerklaerung\/\">Datenschutzerkl\u00e4rung<\/a> nehme ich zur Kenntnis\n<\/p>\n<div class=\"wpcf7-response-output\" aria-hidden=\"true\"><\/div>\n<\/form>\n<\/div>\n\n","protected":false},"excerpt":{"rendered":"<p>Ich m\u00f6chte auch so ein sch\u00f6nes H\u00e4s und bei Euch Mitglied werden. &#8222;Dann f\u00fcll mal sch\u00f6n das Formular aus&#8220; Einmal im Jahr entscheidet das F\u00fchrungs-Team der Hornauer Stoibrecher \u00fcber die Anzahl der Neu Stoibrecher. Die Antr\u00e4ge sollten also bis zum Sommer uns vorliegen&#8230;.Schneller und einfacher hier \u00fcber das Formular !! (* Pflichtfelder)<\/p>\n","protected":false},"author":1,"featured_media":0,"parent":0,"menu_order":0,"comment_status":"closed","ping_status":"closed","template":"","meta":{"footnotes":""},"_links":{"self":[{"href":"https:\/\/www.stoibrecher.de\/portal\/wp-json\/wp\/v2\/pages\/471"}],"collection":[{"href":"https:\/\/www.stoibrecher.de\/portal\/wp-json\/wp\/v2\/pages"}],"about":[{"href":"https:\/\/www.stoibrecher.de\/portal\/wp-json\/wp\/v2\/types\/page"}],"author":[{"embeddable":true,"href":"https:\/\/www.stoibrecher.de\/portal\/wp-json\/wp\/v2\/users\/1"}],"replies":[{"embeddable":true,"href":"https:\/\/www.stoibrecher.de\/portal\/wp-json\/wp\/v2\/comments?post=471"}],"version-history":[{"count":2,"href":"https:\/\/www.stoibrecher.de\/portal\/wp-json\/wp\/v2\/pages\/471\/revisions"}],"predecessor-version":[{"id":476,"href":"https:\/\/www.stoibrecher.de\/portal\/wp-json\/wp\/v2\/pages\/471\/revisions\/476"}],"wp:attachment":[{"href":"https:\/\/www.stoibrecher.de\/portal\/wp-json\/wp\/v2\/media?parent=471"}],"curies":[{"name":"wp","href":"https:\/\/api.w.org\/{rel}","templated":true}]}}