{"id":2189,"date":"2019-01-14T12:56:39","date_gmt":"2019-01-14T11:56:39","guid":{"rendered":"http:\/\/www.stoibrecher.de\/portal\/?page_id=2189"},"modified":"2019-01-16T10:06:45","modified_gmt":"2019-01-16T09:06:45","slug":"datenschutzerklaerung","status":"publish","type":"page","link":"https:\/\/www.stoibrecher.de\/portal\/datenschutzerklaerung\/","title":{"rendered":"Datenschutzerkl\u00e4rung"},"content":{"rendered":"\n<p>Der Schutz Ihrer personenbezogenen Daten anl\u00e4sslich des Besuches unserer Internetseite ist uns ein wichtiges Anliegen. Wir sch\u00fctzen Ihre Privatsph\u00e4re und Ihre privaten Daten. Wir erheben, verarbeiten und nutzen Ihre personenbezogenen Daten in \u00dcbereinstimmung mit dem Inhalt dieser Datenschutzbestimmungen sowie den anwendbaren Datenschutzregeln, insbesondere der Datenschutz-Grundverordnung, der ePrivacy-Verordnung, dem Bundesdatenschutzgesetz sowie dem Telemediengesetz.<\/p>\n\n\n\n<p>In diesen Datenschutzbestimmungen wird geregelt, welche personenbezogenen Daten wir \u00fcber Sie erheben, verarbeiten und nutzen. Wir bitten Sie daher, die nachfolgenden Ausf\u00fchrungen sorgf\u00e4ltig durchzulesen.<\/p>\n\n\n\n<h5 class=\"wp-block-heading\">\u00a7 1 Information \u00fcber die Erhebung personenbezogener Daten <\/h5>\n\n\n\n<p><\/p>\n\n\n\n<p>(1) Im Folgenden informieren wir \u00fcber die Erhebung personenbezogener Daten bei Nutzung unserer Website. Personenbezogene Daten sind alle Daten, die auf Sie pers\u00f6nlich beziehbar sind, z.\u2009B. Name, Adresse, E-Mail-Adressen, Nutzerverhalten. <br><br>(2) Verantwortlicher gem. Art.4 Abs. 7 EU-Datenschutz-Grundverordnung (DS-GVO) Hornauer Stoibrecher<br>Thomas Winz, Eulenweg 29, 72160 Horb am Neckar,<br>eMail: >><a href=\"https:\/\/www.stoibrecher.de\/portal\/dsgvo-kontakt\/\"> Kontaktformular<\/a><br>(siehe unser Impressum unter <a href=\"https:\/\/www.stoibrecher.de\/portal\/impressum\/\">https:\/\/www.stoibrecher.de\/portal\/impressum\/<\/a>).<br><br>(3) Bei Ihrer Kontaktaufnahme mit uns per E-Mail werden die von Ihnen mitgeteilten Daten (Ihre E-Mail-Adresse, ggf. Ihr Name und Ihre Telefonnummer) von uns gespeichert, um Ihre Fragen zu beantworten. Die in diesem Zusammenhang anfallenden Daten l\u00f6schen wir, nachdem die Speicherung nicht mehr erforderlich ist, oder schr\u00e4nken die Verarbeitung ein, falls gesetzliche Aufbewahrungspflichten bestehen.<br><br>(4) Falls wir f\u00fcr einzelne Funktionen unseres Angebots auf beauftragte Dienstleister zur\u00fcckgreifen oder Ihre Daten f\u00fcr werbliche Zwecke nutzen m\u00f6chten, werden wir Sie untenstehend im Detail \u00fcber die jeweiligen Vorg\u00e4nge informieren. Dabei nennen wir auch die festgelegten Kriterien der Speicherdauer.<\/p>\n\n\n\n<h5 class=\"wp-block-heading\">\u00a7 2 Ihre Rechte<\/h5>\n\n\n\n<p>(1) Sie haben gegen\u00fcber uns folgende Rechte hinsichtlich der Sie betreffenden personenbezogenen Daten:&nbsp;<br><br>\u2022 Recht auf Auskunft,<br>\u2022 Recht auf Berichtigung oder L\u00f6schung,<br>\u2022 Recht auf Einschr\u00e4nkung der Verarbeitung,<br>\u2022 Recht auf Widerspruch gegen die Verarbeitung,<br>\u2022 Recht auf Daten\u00fcbertragbarkeit.<br><br>(2) Sie haben zudem das Recht, sich bei einer Datenschutz-Aufsichtsbeh\u00f6rde \u00fcber die Verarbeitung Ihrer personenbezogenen Daten durch uns zu beschweren. <\/p>\n\n\n\n<h5 class=\"wp-block-heading\">\u00a7 3 Erhebung personenbezogener Daten bei Besuch unserer Website <\/h5>\n\n\n\n<p>(1) Bei der blo\u00df informatorischen Nutzung der Website, also wenn Sie sich nicht registrieren oder uns anderweitig Informationen \u00fcbermitteln, erheben keine personenbezogenen Daten.<br><\/p>\n\n\n\n<p>(2) Zus\u00e4tzlich zu den zuvor genannten Daten werden bei Ihrer Nutzung unserer Website Cookies auf Ihrem Rechner gespeichert. Bei Cookies handelt es sich um kleine Textdateien, die auf Ihrer Festplatte dem von Ihnen verwendeten Browser zugeordnet gespeichert werden und durch welche der Stelle, die den Cookie setzt (hier durch uns), bestimmte Informationen zuflie\u00dfen. Cookies k\u00f6nnen keine Programme ausf\u00fchren oder Viren auf Ihren Computer \u00fcbertragen. Sie dienen dazu, das Internetangebot insgesamt nutzerfreundlicher und effektiver zu machen.<br><\/p>\n\n\n\n<p>(3) Einsatz von Cookies:<br>a) Diese Website nutzt folgende Arten von Cookies, deren Umfang und <br><br>Funktionsweise im Folgenden erl\u00e4utert werden:<br>\u2013 Transiente Cookies (dazu b)<br>\u2013 Persistente Cookies (dazu c).<br><br>b) Transiente Cookies werden automatisiert gel\u00f6scht, wenn Sie den Browser schlie\u00dfen. Dazu z\u00e4hlen insbesondere die Session-Cookies. Diese speichern eine sogenannte Session-ID, mit welcher sich verschiedene Anfragen Ihres Browsers der gemeinsamen Sitzung zuordnen lassen. Dadurch kann Ihr Rechner wiedererkannt werden, wenn Sie auf unsere Website zur\u00fcckkehren. Die Session-Cookies werden gel\u00f6scht, wenn Sie sich ausloggen oder den Browser schlie\u00dfen.<br><br>c) Persistente Cookies werden automatisiert nach einer vorgegebenen Dauer gel\u00f6scht, die sich je nach Cookie unterscheiden kann. Sie k\u00f6nnen die Cookies in den Sicherheitseinstellungen Ihres Browsers jederzeit l\u00f6schen.<br><br>d) Sie k\u00f6nnen Ihre Browser-Einstellung entsprechend Ihren W\u00fcnschen konfigurieren und z.\u2009B. die Annahme von Third-Party-Cookies oder allen Cookies ablehnen. Wir weisen Sie darauf hin, dass Sie eventuell nicht alle Funktionen dieser Website nutzen k\u00f6nnen. <\/p>\n\n\n\n<h5 class=\"wp-block-heading\"> \u00a7 4 Weitere Funktionen und Angebote unserer Website <\/h5>\n\n\n\n<p> (1) Neben der rein informatorischen Nutzung unserer Website bieten wir verschiedene Leistungen an, die Sie bei Interesse nutzen k\u00f6nnen. Dazu m\u00fcssen Sie in der Regel weitere personenbezogene Daten angeben, die wir zur Erbringung der jeweiligen Leistung nutzen und f\u00fcr die die zuvor genannten Grunds\u00e4tze zur Datenverarbeitung gelten.<\/p>\n\n\n\n<p>(2) Teilweise bedienen wir uns zur Verarbeitung Ihrer Daten externer Dienstleister. Diese wurden von uns sorgf\u00e4ltig ausgew\u00e4hlt und beauftragt, sind an unsere Weisungen gebunden und werden regelm\u00e4\u00dfig kontrolliert.<\/p>\n\n\n\n<p>(3) Soweit unsere Dienstleister oder Partner ihren Sitz in einem Staat au\u00dferhalb des Europ\u00e4ischen Wirtschaftsraumen (EWR) haben, informieren wir Sie \u00fcber die Folgen dieses Umstands in der Beschreibung des Angebotes. <\/p>\n\n\n\n<h5 class=\"wp-block-heading\">\u00a7 5 Widerspruch oder Widerruf gegen die Verarbeitung Ihrer Daten <\/h5>\n\n\n\n<p>(1) Falls Sie eine Einwilligung zur Verarbeitung Ihrer Daten erteilt haben, k\u00f6nnen Sie diese jederzeit widerrufen. Ein solcher Widerruf beeinflusst die Zul\u00e4ssigkeit der Verarbeitung Ihrer personenbezogenen Daten, nachdem Sie ihn gegen\u00fcber uns ausgesprochen haben.<\/p>\n\n\n\n<p>(2) Soweit wir die Verarbeitung Ihrer personenbezogenen Daten auf die Interessenabw\u00e4gung st\u00fctzen, k\u00f6nnen Sie Widerspruch gegen die Verarbeitung einlegen. Dies ist der Fall, wenn die Verarbeitung insbesondere nicht zur Erf\u00fcllung eines Vertrags mit Ihnen erforderlich ist, was von uns jeweils bei der nachfolgenden Beschreibung der Funktionen dargestellt wird. Bei Aus\u00fcbung eines solchen Widerspruchs bitten wir um Darlegung der Gr\u00fcnde, weshalb wir Ihre personenbezogenen Daten nicht wie von uns durchgef\u00fchrt verarbeiten sollten. Im Falle Ihres begr\u00fcndeten Widerspruchs pr\u00fcfen wir die Sachlage und werden entweder die Datenverarbeitung einstellen bzw. anpassen oder Ihnen unsere zwingenden schutzw\u00fcrdigen Gr\u00fcnde aufzeigen, aufgrund derer wir die Verarbeitung fortf\u00fchren. <\/p>\n\n\n\n<h5 class=\"wp-block-heading\">Reichweitenanalyse <\/h5>\n\n\n\n<h5 class=\"wp-block-heading\">\u00a7 6 Einsatz von Jetpack\/ehem. WordPress.com-Stats <\/h5>\n\n\n\n<p>(1) Diese Website nutzt den Webanalysedienst Jetpack (fr\u00fcher: WordPress.com-Stats), um die Nutzung unserer Website analysieren und regelm\u00e4\u00dfig verbessern zu k\u00f6nnen. \u00dcber die gewonnenen Statistiken k\u00f6nnen wir unser Angebot verbessern und f\u00fcr Sie als Nutzer interessanter ausgestalten. Weiterhin nutzen wir das System f\u00fcr Ma\u00dfnahmen zum Schutz der Sicherheit der Website, z. B. dem Erkennen von Angriffen oder Viren. F\u00fcr die Ausnahmef\u00e4lle, in denen personenbezogene Daten in die USA \u00fcbertragen werden, hat sich Automattic Inc. dem EU-US Privacy Shield unterworfen, https:\/\/www.privacyshield.gov. Rechtsgrundlage f\u00fcr die Nutzung von Jetpack ist Art. 6 Abs. 1 S. 1 lit. f DS-GVO.<br><\/p>\n\n\n\n<p>(2) F\u00fcr diese Auswertung werden Cookies (n\u00e4heres dazu in \u00a7 3) auf Ihrem Computer gespeichert. Die so erhobenen Informationen werden auf einem Server in den USA gespeichert. Wenn Sie die Speicherung der Cookies verhindern, weisen wir darauf hin, dass Sie gegebenenfalls diese Website nicht vollumf\u00e4nglich nutzen k\u00f6nnen. Die Verhinderung der Speicherung von Cookies ist m\u00f6glich durch die Einstellung in ihrem Browser oder indem Sie den Button \u201eClick here to Opt-out\u201c unter http:\/\/www.quantcast.com\/opt-out bet\u00e4tigen.<br><\/p>\n\n\n\n<p>(3) Diese Website verwendet Jetpack mit einer Erweiterung, durch die IP-Adressen direkt nach ihrer Erhebung gek\u00fcrzt weiterverarbeitet werden, um so eine Personenbeziehbarkeit auszuschlie\u00dfen.<br><\/p>\n\n\n\n<p>(4) Informationen des Drittanbieters: Automattic Inc., 60 29 th Street #343, San Francisco, CA 94110\u20134929, USA, https:\/\/automattic.com\/privacy, sowie des Drittanbieters der Trackingtechnologie: Quantcast Inc., 201 3 rd St, Floor 2, San Francisco, CA 94103\u20133153, USA, https:\/\/www.quantcast.com\/privacy. <\/p>\n\n\n\n<h5 class=\"wp-block-heading\">Social Media <\/h5>\n\n\n\n<h5 class=\"wp-block-heading\">\u00a7 7 Einsatz von Social-Media-Plug-ins <\/h5>\n\n\n\n<p>(1) Wir setzen derzeit folgende Social-Media-Plug-ins ein: Facebook, Google+, Twitter. Wir nutzen dabei die sog. Zwei-Klick-L\u00f6sung. Das hei\u00dft, wenn Sie unsere Seite besuchen, werden zun\u00e4chst grunds\u00e4tzlich keine personenbezogenen Daten an die Anbieter der Plug-ins weitergegeben. Den Anbieter des Plug-ins erkennen Sie \u00fcber die Markierung auf dem Kasten \u00fcber seinen Anfangsbuchstaben oder das Logo. Wir er\u00f6ffnen Ihnen die M\u00f6glichkeit, \u00fcber den Button direkt mit dem Anbieter des Plug-ins zu kommunizieren. Nur wenn Sie auf das markierte Feld klicken und es dadurch aktivieren, erh\u00e4lt der Plug-in-Anbieter die Information, dass Sie die entsprechende Website unseres Online-Angebots aufgerufen haben. Zudem werden die unter \u00a7 3 dieser Erkl\u00e4rung genannten Daten \u00fcbermittelt. Im Fall von Facebook wird nach Angaben des Anbieters in Deutschland die IP-Adresse sofort nach Erhebung anonymisiert. Durch die Aktivierung des Plug-ins werden also personenbezogene Daten von Ihnen an den jeweiligen Plug-in-Anbieter \u00fcbermittelt und dort (bei US-amerikanischen Anbietern in den USA) gespeichert. Da der Plug-in-Anbieter die Datenerhebung insbesondere \u00fcber Cookies vornimmt, empfehlen wir Ihnen, vor dem Klick auf den ausgegrauten Kasten \u00fcber die Sicherheitseinstellungen Ihres Browsers alle Cookies zu l\u00f6schen.<br><\/p>\n\n\n\n<p>(2) Wir haben weder Einfluss auf die erhobenen Daten und Datenverarbeitungsvorg\u00e4nge, noch sind uns der volle Umfang der Datenerhebung, die Zwecke der Verarbeitung, die Speicherfristen bekannt. Auch zur L\u00f6schung der erhobenen Daten durch den Plug-in-Anbieter liegen uns keine Informationen vor.<br><\/p>\n\n\n\n<p>(3) Der Plug-in-Anbieter speichert die \u00fcber Sie erhobenen Daten als Nutzungsprofile und nutzt diese f\u00fcr Zwecke der Werbung, Marktforschung und\/oder bedarfsgerechten Gestaltung seiner Website. Eine solche Auswertung erfolgt insbesondere (auch f\u00fcr nicht eingeloggte Nutzer) zur Darstellung von bedarfsgerechter Werbung und um andere Nutzer des sozialen Netzwerks \u00fcber Ihre Aktivit\u00e4ten auf unserer Website zu informieren. Ihnen steht ein Widerspruchsrecht gegen die Bildung dieser Nutzerprofile zu, wobei Sie sich zur Aus\u00fcbung dessen an den jeweiligen Plug-in-Anbieter wenden m\u00fcssen. \u00dcber die Plug-ins bietet wir Ihnen die M\u00f6glichkeit, mit den sozialen Netzwerken und anderen Nutzern zu interagieren, so dass wir unser Angebot verbessern und f\u00fcr Sie als Nutzer interessanter ausgestalten k\u00f6nnen. Rechtsgrundlage f\u00fcr die Nutzung der Plug-ins ist Art. 6 Abs. 1 S. 1 lit. f DS-GVO.<br><\/p>\n\n\n\n<p>(4) Die Datenweitergabe erfolgt unabh\u00e4ngig davon, ob Sie ein Konto bei dem Plug-in-Anbieter besitzen und dort eingeloggt sind. Wenn Sie bei dem Plug-in-Anbieter eingeloggt sind, werden Ihre bei uns erhobenen Daten direkt Ihrem beim Plug-in-Anbieter bestehenden Konto zugeordnet. Wenn Sie den aktivierten Button bet\u00e4tigen und z. B. die Seite verlinken, speichert der Plug-in-Anbieter auch diese Information in Ihrem Nutzerkonto und teilt sie Ihren Kontakten \u00f6ffentlich mit. Wir empfehlen Ihnen, sich nach Nutzung eines sozialen Netzwerks regelm\u00e4\u00dfig auszuloggen, insbesondere jedoch vor Aktivierung des Buttons, da Sie so eine Zuordnung zu Ihrem Profil bei dem Plug-in-Anbieter vermeiden k\u00f6nnen.<br><\/p>\n\n\n\n<p>(5) Weitere Informationen zu Zweck und Umfang der Datenerhebung und ihrer Verarbeitung durch den Plug-in-Anbieter erhalten Sie in den im Folgenden mitgeteilten Datenschutzerkl\u00e4rungen dieser Anbieter. Dort erhalten Sie auch weitere Informationen zu Ihren diesbez\u00fcglichen Rechten und Einstellungsm\u00f6glichkeiten zum Schutze Ihrer Privatsph\u00e4re.<br><\/p>\n\n\n\n<p>(6) Adressen der jeweiligen Plug-in-Anbieter und URL mit deren Datenschutzhinweisen:<br>a. Facebook Inc., 1601 S California Ave, Palo Alto, California 94304, USA; http:\/\/www.facebook.com\/policy.php; weitere Informationen zur Datenerhebung: http:\/\/www.facebook.com\/help\/186325668085084, http:\/\/www.facebook.com\/about\/privacy\/your-info-on-other#applications sowie http:\/\/www.facebook.com\/about\/privacy\/your-info#everyoneinfo. Facebook hat sich dem EU-US-Privacy-Shield unterworfen, https:\/\/www.privacyshield.gov\/EU-US-Framework.<br>b. Google Inc., 1600 Amphitheater Parkway, Mountainview, California 94043, USA; https:\/\/www.google.com\/policies\/privacy\/partners\/?hl=de. Google hat sich dem EU-US-Privacy-Shield unterworfen, https:\/\/www.privacyshield.gov\/EU-US-Framework.<br>c. Twitter, Inc., 1355 Market St, Suite 900, San Francisco, California 94103, USA; https:\/\/twitter.com\/privacy. Twitter hat sich dem EU-US-Privacy-Shield unterworfen, https:\/\/www.privacyshield.gov\/EU-US-Framework. <\/p>\n\n\n\n<h4 class=\"wp-block-heading\">\u00a7 8 Einbindung von Google Maps <\/h4>\n\n\n\n<p>(1) Auf dieser Webseite nutzen wir das Angebot von Google Maps. Dadurch k\u00f6nnen wir Ihnen interaktive Karten direkt in der Website anzeigen und erm\u00f6glichen Ihnen die komfortable Nutzung der Karten-Funktion.<br><\/p>\n\n\n\n<p>(2) Durch den Besuch auf der Website erh\u00e4lt Google die Information, dass Sie die entsprechende Unterseite unserer Website aufgerufen haben. Zudem werden die unter \u00a7 3 dieser Erkl\u00e4rung genannten Daten \u00fcbermittelt. Dies erfolgt unabh\u00e4ngig davon, ob Google ein Nutzerkonto bereitstellt, \u00fcber das Sie eingeloggt sind, oder ob kein Nutzerkonto besteht. Wenn Sie bei Google eingeloggt sind, werden Ihre Daten direkt Ihrem Konto zugeordnet. Wenn Sie die Zuordnung mit Ihrem Profil bei Google nicht w\u00fcnschen, m\u00fcssen Sie sich vor Aktivierung des Buttons ausloggen. Google speichert Ihre Daten als Nutzungsprofile und nutzt sie f\u00fcr Zwecke der Werbung, Marktforschung und\/oder bedarfsgerechten Gestaltung seiner Website. Eine solche Auswertung erfolgt insbesondere (selbst f\u00fcr nicht eingeloggte Nutzer) zur Erbringung von bedarfsgerechter Werbung und um andere Nutzer des sozialen Netzwerks \u00fcber Ihre Aktivit\u00e4ten auf unserer Website zu informieren. Ihnen steht ein Widerspruchsrecht zu gegen die Bildung dieser Nutzerprofile, wobei Sie sich zur Aus\u00fcbung dessen an Google richten m\u00fcssen.<br><\/p>\n\n\n\n<p>(3) Weitere Informationen zu Zweck und Umfang der Datenerhebung und ihrer Verarbeitung durch den Plug-in-Anbieter erhalten Sie in den Datenschutzerkl\u00e4rungen des Anbieters. Dort erhalten Sie auch weitere Informationen zu Ihren diesbez\u00fcglichen Rechten und Einstellungsm\u00f6glichkeiten zum Schutze Ihrer Privatsph\u00e4re: http:\/\/www.google.de\/intl\/de\/policies\/privacy. Google verarbeitet Ihre personenbezogenen Daten auch in den USA und hat sich dem EU-US Privacy Shield unterworfen, https:\/\/www.privacyshield.gov\/EU-US-Framework. <\/p>\n","protected":false},"excerpt":{"rendered":"<p>Der Schutz Ihrer personenbezogenen Daten anl\u00e4sslich des Besuches unserer Internetseite ist uns ein wichtiges Anliegen. Wir sch\u00fctzen Ihre Privatsph\u00e4re und Ihre privaten Daten. Wir erheben, verarbeiten und nutzen Ihre personenbezogenen Daten in \u00dcbereinstimmung mit dem Inhalt dieser Datenschutzbestimmungen sowie den anwendbaren Datenschutzregeln, insbesondere der Datenschutz-Grundverordnung, der ePrivacy-Verordnung, dem Bundesdatenschutzgesetz sowie dem Telemediengesetz. In diesen Datenschutzbestimmungen [&hellip;]<\/p>\n","protected":false},"author":1,"featured_media":0,"parent":0,"menu_order":0,"comment_status":"closed","ping_status":"closed","template":"","meta":{"footnotes":""},"_links":{"self":[{"href":"https:\/\/www.stoibrecher.de\/portal\/wp-json\/wp\/v2\/pages\/2189"}],"collection":[{"href":"https:\/\/www.stoibrecher.de\/portal\/wp-json\/wp\/v2\/pages"}],"about":[{"href":"https:\/\/www.stoibrecher.de\/portal\/wp-json\/wp\/v2\/types\/page"}],"author":[{"embeddable":true,"href":"https:\/\/www.stoibrecher.de\/portal\/wp-json\/wp\/v2\/users\/1"}],"replies":[{"embeddable":true,"href":"https:\/\/www.stoibrecher.de\/portal\/wp-json\/wp\/v2\/comments?post=2189"}],"version-history":[{"count":3,"href":"https:\/\/www.stoibrecher.de\/portal\/wp-json\/wp\/v2\/pages\/2189\/revisions"}],"predecessor-version":[{"id":2241,"href":"https:\/\/www.stoibrecher.de\/portal\/wp-json\/wp\/v2\/pages\/2189\/revisions\/2241"}],"wp:attachment":[{"href":"https:\/\/www.stoibrecher.de\/portal\/wp-json\/wp\/v2\/media?parent=2189"}],"curies":[{"name":"wp","href":"https:\/\/api.w.org\/{rel}","templated":true}]}}